{"id":761,"date":"2011-07-18T15:19:17","date_gmt":"2011-07-18T15:19:17","guid":{"rendered":"https:\/\/weimann-art.de\/wordpress\/?page_id=761"},"modified":"2026-01-25T12:36:13","modified_gmt":"2026-01-25T12:36:13","slug":"texte","status":"publish","type":"page","link":"https:\/\/weimann-art.de\/wordpress\/texte\/","title":{"rendered":"Texts\/Texte"},"content":{"rendered":"<p><strong><span style=\"color: #808080;\"><em>Naturhafte Abstraktionen mit starker emotionaler Tiefe<\/em> <\/span><\/strong><\/p>\n<p><span style=\"color: #808080;\"><strong>Waldemar Weimann:\u00a0 Wenn uns Aquarelllandschaften verzaubern<\/strong><\/span><\/p>\n<p><span style=\"color: #808080;\">Aquarellmalerei ist ebenso vielgestaltig wie herausfordernd als auch faszinierend. Und die Lebendigkeit, die nat\u00fcrliche und leuchtende Farbgebung verzaubern ja nicht nur die K\u00fcnstler und K\u00fcnstlerinnen selbst. Ein K\u00fcnstler, der den Balanceakt zwischen Gegenst\u00e4ndlichkeit und Abstraktion perfekt beherrscht, ist Waldemar Weimann. <\/span><br \/>\n<span style=\"color: #808080;\"> 1957 in der ehemaligen UdSSR geboren, studierte er von 1983-88 monumentale Kunst an der Theater- und Kunsthochschule in Alma-Ata (KSSR). Nach zahlreichen Ausstellungen, unter anderem in Moskau, Minsk und Alma-Ata, lebt und arbeitet er seit 1991 in Krefeld. Seine Bilder finden sich in privaten und staatlichen Sammlungen weltweit.\u00a0 <\/span><br \/>\n<span style=\"color: #808080;\"> Es sind emotionale Bilder, welche den Grenzbereich zwischen erkennbarer Natur und malerischer Andeutung &#8211; verwischend, wie von einem dunstigen Schleier verborgen &#8211; ausloten. In eine Farbspiel, mit einem expressiven Duktus, werden selbstreflektive Wahrnehmungen, Gef\u00fchle, Gedanken k\u00fcnstlerisch formuliert. Farbfelder, die in- und miteinander verschmelzen und, sich wieder l\u00f6send, in andere Gefilde eintauchen, werden bei Weimann zu eindrucksvollen Impressionen. <\/span><br \/>\n<span style=\"color: #808080;\"> Die malerisch-emotionale und naturhafte Verkopplung schlie\u00dft spontane, gef\u00fchlsbetonte Assoziationen nicht aus, wie sie gleichzeitig aber eine reine naturgegebene Abbildung verneint. Von daher durchdringen diese Bilder sowohl die gef\u00fchlsm\u00e4\u00dfige Verortung einer sichtbaren Natur als auch die malerische Idee des K\u00fcnstlers aus dessen emotionaler Befindlichkeit heraus. <\/span><br \/>\n<span style=\"color: #808080;\"> Diese Wirkungen gehen weit dar\u00fcber hinaus; es ist eine Art Konglomerat verschiedener Ebenen, die sich anhand eines Naturschauspiels auf das Papier artikulieren: &#8222;Unwetter \u00fcber Insellandschaft&#8220; steht symbolisch f\u00fcr diese faszinierende Maltechnik. Die Horizontlinie mit einem bew\u00f6lkten Himmel, den Seen, \u00fcberhaupt der ahnbaren, regendurchtr\u00e4nkten Landschaft dient dem K\u00fcnstler als dynamisches &#8222;Natur-Ereignis&#8220;, welches das verborgen Wahrnehmbare in sich tr\u00e4gt und dem Betrachter zur Deutung \u00fcberl\u00e4sst. \u00c4hnlich verh\u00e4lt es sich bei dem Werk: &#8222;Erster Frost&#8220;. <\/span><br \/>\n<span style=\"color: #808080;\"> Farblich zwischen\u00a0 grauen Nuansen\u00a0 und orange-braun T\u00f6nen eingespielt, erahnt der Betrachter das erste Eis durch ein flirrendes Grau hindurch, schwebend und kaum wahrnehmbar. Farbe und Form stehen in Werken von Waldemar Weimanns in einem unmittelbaren Zusammenhang: Natur und Reflexion &#8211; ein sich findender, unaufl\u00f6slicher Dialog, der stets aufs Neue die Verbundenheit von Beidem thematisiert &#8211; ohne die Absicht diese zu beenden.<\/span><\/p>\n<p><strong><span style=\"color: #808080;\">Michaela Buchheister<\/span><\/strong><br \/>\n<span style=\"color: #808080;\"><strong>ARTPROFIL<\/strong> MAGAZIN F\u00dcR KUNST<\/span><\/p>\n<p>&nbsp;<\/p>\n<p>&nbsp;<\/p>\n<p>Natural abstractions with strong emotional depth<\/p>\n<p>Waldemar Weimann: When watercolour landscapes enchant us<\/p>\n<p>Watercolour painting is as diverse as it is challenging as it is fascinating. And the liveliness, the natural and luminous colouring not only enchant the artists themselves. An artist who perfectly dominates the balancing act between figurativeness and abstraction is Waldemar Weimann.<br \/>\nBorn in 1957 in the former USSR, he studied monumental art at the Theater and Art Academy in Alma-Ata (KSSR) from 1983 to 1988. After numerous exhibitions, including in Moscow, Minsk and Alma-Ata, he has lived and worked in Krefeld since 1991. His pictures are found in private and state collections worldwide.<br \/>\nIt is emotional images that explore the border area between recognizable nature and picturesque hint &#8211; blurring, as if hidden from a hazy veil. In a play of colours, with an expressive style, self-reflective perceptions, feelings, thoughts are formulated artistically. Colour fields, which merge in and with each other and, loosen again, immerse themselves in other realms become impressive impressions at Weimann.<br \/>\nThe painterly-emotional and natural coupling does not exclude spontaneous, emotionally concluded associations, as it simultaneously denies a pure natural representation. These pictures therefore permeate both the emotional location of a visible nature and the painterly idea of the artist from his emotional condition.<br \/>\nThese effects go far beyond this; it is a kind of conglomerate of different levels, which articulate on paper through a natural spectacle: &#8222;storm over island landscape&#8220; stands symbolically for this fascinating painting technique. The horizon line with a cloudy sky, the lakes, the anywhere if the forgotten, stimulated landscape serves the artist as a dynamic &#8222;nature event&#8220;, which carries the hidden perceptible within it and leaves the viewer to the interpretation. The work is similar: &#8222;First Frost&#8220;.<br \/>\nRecorded in colour between grey Nuanses and orange-brown tones, the viewer guess the first ice through a shimmering grey, floating and barely perceptible. Colour and form are directly related in works by Waldemar Weimann: nature and reflection &#8211; an indissoluble dialogue that is found to be found, indissolutely, which always thematizes the connection of both &#8211; without the intention of ending them.<\/p>\n<p>Michaela Buchheister<br \/>\nARTPROFIL MAGAZINE F\u00dcR KUNST<\/p>\n<p>&nbsp;<\/p>\n<p>&nbsp;<\/p>\n<p>&nbsp;<\/p>\n<p><strong>WALDEMAR WEIMANN \/LANDSCHAFTSAQUARELLE<\/strong><\/p>\n<p>&#8230;\u00a0Landschaftsaquarell, das zweifelsfrei das Zentrum seines derzeitigen k\u00fcnstlerischen Schaffens darstellt.<br \/>\n\u201eWas sind meine Landschaften? Eine Reisedokumentation, ein Spiegel meiner Laune? Psychoanalyse, Farbspiel? Eine Erf\u00fcllung bestimmter Sehns\u00fcchte, eine Erfahrung mit einer Welt, die eine ganz eigenartige Sprache spricht?\u201c.<br \/>\nSo erlebt der K\u00fcnstler fragend und gleichsam analytisch seinen in der Entstehung begriffenen Werkkomplex. Sein \u0152uvre umfasst eine Reihe ineinander verschmolzener Schaffensphasen, die sich durch verschiedenste Materialien und Techniken ausdr\u00fccken. Das Aquarell, vornehmlich die Landschaft, erschlie\u00dft selbstreflexiv die Seelenwelt des K\u00fcnstlers, der seine Gef\u00fchle und Sehns\u00fcchte materialisiert.<br \/>\nDie Landschaften sind keine Naturstudien. Ihre rein kognitiv angeregte Entstehung verst\u00e4rkt ihren Zweck und Ihre Vielschichtigkeit. Das dargestellte Naturereignis verarbeitet Emotionen und Launen und \u00fcbersetzt sie in Erscheinungsformen von Himmel und Erde. Meistens zeigen die Aquarelle Unwetter und Unruhe, die sich vor oder nach einem Gewitter \u00fcber dem Horizont verbreiten \u2013 die Interpretation bleibt dem Betrachter \u00fcberlassen.<br \/>\nDem ausgesprochen expressiven <span class=\"st\">Malweise <\/span>geht die Farbwahl voran. Der Betrachter erf\u00e4hrt ein aufgew\u00fchltes Selbst durch ein feuergleiches Rotspektrum, das \u00fcberraschend aus einem Gebirgszug auftaucht oder gleichsam tiefe seelische Beruhigung, die der tiefblickende windstille Himmel hervorruft&#8230;<\/p>\n<p>english<\/p>\n<p>&#8230;Currently he dedicates himself to landscapes in watercolor, which are certainly the centre of his work.<br \/>\n&#8222;What are my landscapes? Accounts of my travel, a game of my moods?Psycho-analasis or just play of colors? The fulfillment of my aspirations, the experience with a world that speaks a different language to me?&#8220;<br \/>\nThis is how the artist experiences questioning and at the same time analytically his work that is constantly in development. His body of work embraces many creative periods that express themselves in different material and techniques. The water color painting, especially the landscape, reflects the artists` soul, who materializes his feelings and desires.<br \/>\nThe landscapes are no studies by nature. Their cognitive becoming empowers their function and complexity. The depicted natural phenomenons assimilate certain emotions and moods and translate them into heaven and earth. Mostly, the paintings show storms and restless skies that flood over the horizon &#8211; the interpretation is left to the viewer.<br \/>\nThe intense and expressive flow of line correspondents to the choice of color. The viewer experiences a turbulent self through fire like reds that come up surprisingly as well as calm that can come with a quite and peaceful heaven&#8230;<\/p>\n<p>&nbsp;<\/p>\n<p>&nbsp;<\/p>\n","protected":false},"excerpt":{"rendered":"<p>Naturhafte Abstraktionen mit starker emotionaler Tiefe Waldemar Weimann:\u00a0 Wenn uns Aquarelllandschaften verzaubern Aquarellmalerei ist ebenso vielgestaltig wie herausfordernd als auch faszinierend. Und die Lebendigkeit, die nat\u00fcrliche und leuchtende Farbgebung verzaubern ja nicht nur die K\u00fcnstler und K\u00fcnstlerinnen selbst. Ein K\u00fcnstler, der den Balanceakt zwischen Gegenst\u00e4ndlichkeit und Abstraktion perfekt beherrscht, ist Waldemar Weimann. 1957 in der ehemaligen UdSSR geboren, studierte er von 1983-88 monumentale Kunst an der Theater- und Kunsthochschule in<\/p>\n<div class=\"read-more\"><a class=\"btn read-more-btn\" href=\"https:\/\/weimann-art.de\/wordpress\/texte\/\">Weiterlesen<\/a><\/div>\n","protected":false},"author":3,"featured_media":0,"parent":0,"menu_order":3,"comment_status":"closed","ping_status":"closed","template":"","meta":{"footnotes":"","_links_to":"","_links_to_target":""},"yoast_head":"<!-- This site is optimized with the Yoast SEO plugin v21.9.1 - https:\/\/yoast.com\/wordpress\/plugins\/seo\/ -->\n<title>Texts\/Texte - Waldemar Weimann - Art<\/title>\n<meta name=\"robots\" content=\"index, follow, max-snippet:-1, max-image-preview:large, max-video-preview:-1\" \/>\n<link rel=\"canonical\" href=\"https:\/\/weimann-art.de\/wordpress\/texte\/\" \/>\n<meta property=\"og:locale\" content=\"de_DE\" \/>\n<meta property=\"og:type\" content=\"article\" \/>\n<meta property=\"og:title\" content=\"Texts\/Texte - Waldemar Weimann - Art\" \/>\n<meta property=\"og:description\" content=\"Naturhafte Abstraktionen mit starker emotionaler Tiefe Waldemar Weimann:\u00a0 Wenn uns Aquarelllandschaften verzaubern Aquarellmalerei ist ebenso vielgestaltig wie herausfordernd als auch faszinierend. Und die Lebendigkeit, die nat\u00fcrliche und leuchtende Farbgebung verzaubern ja nicht nur die K\u00fcnstler und K\u00fcnstlerinnen selbst. Ein K\u00fcnstler, der den Balanceakt zwischen Gegenst\u00e4ndlichkeit und Abstraktion perfekt beherrscht, ist Waldemar Weimann. 1957 in der ehemaligen UdSSR geboren, studierte er von 1983-88 monumentale Kunst an der Theater- und Kunsthochschule inWeiterlesen\" \/>\n<meta property=\"og:url\" content=\"https:\/\/weimann-art.de\/wordpress\/texte\/\" \/>\n<meta property=\"og:site_name\" content=\"Waldemar Weimann - Art\" \/>\n<meta property=\"article:modified_time\" content=\"2026-01-25T12:36:13+00:00\" \/>\n<meta name=\"twitter:card\" content=\"summary_large_image\" \/>\n<meta name=\"twitter:label1\" content=\"Gesch\u00e4tzte Lesezeit\" \/>\n\t<meta name=\"twitter:data1\" content=\"6\u00a0Minuten\" \/>\n<script type=\"application\/ld+json\" class=\"yoast-schema-graph\">{\"@context\":\"https:\/\/schema.org\",\"@graph\":[{\"@type\":\"WebPage\",\"@id\":\"https:\/\/weimann-art.de\/wordpress\/texte\/\",\"url\":\"https:\/\/weimann-art.de\/wordpress\/texte\/\",\"name\":\"Texts\/Texte - Waldemar Weimann - Art\",\"isPartOf\":{\"@id\":\"https:\/\/weimann-art.de\/wordpress\/#website\"},\"datePublished\":\"2011-07-18T15:19:17+00:00\",\"dateModified\":\"2026-01-25T12:36:13+00:00\",\"breadcrumb\":{\"@id\":\"https:\/\/weimann-art.de\/wordpress\/texte\/#breadcrumb\"},\"inLanguage\":\"de\",\"potentialAction\":[{\"@type\":\"ReadAction\",\"target\":[\"https:\/\/weimann-art.de\/wordpress\/texte\/\"]}]},{\"@type\":\"BreadcrumbList\",\"@id\":\"https:\/\/weimann-art.de\/wordpress\/texte\/#breadcrumb\",\"itemListElement\":[{\"@type\":\"ListItem\",\"position\":1,\"name\":\"Startseite\",\"item\":\"https:\/\/weimann-art.de\/wordpress\/\"},{\"@type\":\"ListItem\",\"position\":2,\"name\":\"Texts\/Texte\"}]},{\"@type\":\"WebSite\",\"@id\":\"https:\/\/weimann-art.de\/wordpress\/#website\",\"url\":\"https:\/\/weimann-art.de\/wordpress\/\",\"name\":\"Waldemar Weimann - Art\",\"description\":\"\",\"potentialAction\":[{\"@type\":\"SearchAction\",\"target\":{\"@type\":\"EntryPoint\",\"urlTemplate\":\"https:\/\/weimann-art.de\/wordpress\/?s={search_term_string}\"},\"query-input\":\"required name=search_term_string\"}],\"inLanguage\":\"de\"}]}<\/script>\n<!-- \/ Yoast SEO plugin. -->","yoast_head_json":{"title":"Texts\/Texte - Waldemar Weimann - Art","robots":{"index":"index","follow":"follow","max-snippet":"max-snippet:-1","max-image-preview":"max-image-preview:large","max-video-preview":"max-video-preview:-1"},"canonical":"https:\/\/weimann-art.de\/wordpress\/texte\/","og_locale":"de_DE","og_type":"article","og_title":"Texts\/Texte - Waldemar Weimann - Art","og_description":"Naturhafte Abstraktionen mit starker emotionaler Tiefe Waldemar Weimann:\u00a0 Wenn uns Aquarelllandschaften verzaubern Aquarellmalerei ist ebenso vielgestaltig wie herausfordernd als auch faszinierend. Und die Lebendigkeit, die nat\u00fcrliche und leuchtende Farbgebung verzaubern ja nicht nur die K\u00fcnstler und K\u00fcnstlerinnen selbst. Ein K\u00fcnstler, der den Balanceakt zwischen Gegenst\u00e4ndlichkeit und Abstraktion perfekt beherrscht, ist Waldemar Weimann. 1957 in der ehemaligen UdSSR geboren, studierte er von 1983-88 monumentale Kunst an der Theater- und Kunsthochschule inWeiterlesen","og_url":"https:\/\/weimann-art.de\/wordpress\/texte\/","og_site_name":"Waldemar Weimann - Art","article_modified_time":"2026-01-25T12:36:13+00:00","twitter_card":"summary_large_image","twitter_misc":{"Gesch\u00e4tzte Lesezeit":"6\u00a0Minuten"},"schema":{"@context":"https:\/\/schema.org","@graph":[{"@type":"WebPage","@id":"https:\/\/weimann-art.de\/wordpress\/texte\/","url":"https:\/\/weimann-art.de\/wordpress\/texte\/","name":"Texts\/Texte - Waldemar Weimann - Art","isPartOf":{"@id":"https:\/\/weimann-art.de\/wordpress\/#website"},"datePublished":"2011-07-18T15:19:17+00:00","dateModified":"2026-01-25T12:36:13+00:00","breadcrumb":{"@id":"https:\/\/weimann-art.de\/wordpress\/texte\/#breadcrumb"},"inLanguage":"de","potentialAction":[{"@type":"ReadAction","target":["https:\/\/weimann-art.de\/wordpress\/texte\/"]}]},{"@type":"BreadcrumbList","@id":"https:\/\/weimann-art.de\/wordpress\/texte\/#breadcrumb","itemListElement":[{"@type":"ListItem","position":1,"name":"Startseite","item":"https:\/\/weimann-art.de\/wordpress\/"},{"@type":"ListItem","position":2,"name":"Texts\/Texte"}]},{"@type":"WebSite","@id":"https:\/\/weimann-art.de\/wordpress\/#website","url":"https:\/\/weimann-art.de\/wordpress\/","name":"Waldemar Weimann - Art","description":"","potentialAction":[{"@type":"SearchAction","target":{"@type":"EntryPoint","urlTemplate":"https:\/\/weimann-art.de\/wordpress\/?s={search_term_string}"},"query-input":"required name=search_term_string"}],"inLanguage":"de"}]}},"_links":{"self":[{"href":"https:\/\/weimann-art.de\/wordpress\/wp-json\/wp\/v2\/pages\/761"}],"collection":[{"href":"https:\/\/weimann-art.de\/wordpress\/wp-json\/wp\/v2\/pages"}],"about":[{"href":"https:\/\/weimann-art.de\/wordpress\/wp-json\/wp\/v2\/types\/page"}],"author":[{"embeddable":true,"href":"https:\/\/weimann-art.de\/wordpress\/wp-json\/wp\/v2\/users\/3"}],"replies":[{"embeddable":true,"href":"https:\/\/weimann-art.de\/wordpress\/wp-json\/wp\/v2\/comments?post=761"}],"version-history":[{"count":28,"href":"https:\/\/weimann-art.de\/wordpress\/wp-json\/wp\/v2\/pages\/761\/revisions"}],"predecessor-version":[{"id":2446,"href":"https:\/\/weimann-art.de\/wordpress\/wp-json\/wp\/v2\/pages\/761\/revisions\/2446"}],"wp:attachment":[{"href":"https:\/\/weimann-art.de\/wordpress\/wp-json\/wp\/v2\/media?parent=761"}],"curies":[{"name":"wp","href":"https:\/\/api.w.org\/{rel}","templated":true}]}}