{"id":636,"date":"2011-07-05T09:33:34","date_gmt":"2011-07-05T09:33:34","guid":{"rendered":"https:\/\/weimann-art.de\/wordpress\/?page_id=636"},"modified":"2026-01-25T12:31:26","modified_gmt":"2026-01-25T12:31:26","slug":"biographie-3","status":"publish","type":"page","link":"https:\/\/weimann-art.de\/wordpress\/biographie-3\/","title":{"rendered":"Biography\/Biographie"},"content":{"rendered":"<h4 style=\"text-align: center;\"><a href=\"https:\/\/weimann-art.de\/wordpress\/wp-content\/uploads\/2011\/07\/IMG_9992.jpg\"><img loading=\"lazy\" decoding=\"async\" class=\"alignleft wp-image-1866 size-thumbnail\" src=\"https:\/\/weimann-art.de\/wordpress\/wp-content\/uploads\/2011\/07\/IMG_9992-e1736090006456-150x150.jpg\" alt=\"\" width=\"150\" height=\"150\" \/><\/a><\/h4>\n<p>Waldemar Weimann wurde am 5. Juni 1957 in Stschutschinsk, einer Stadt in der ehemaligen UdSSR, in Kasachstan, geboren.<\/p>\n<p>Von 1983 bis 1988 studierte er monumentale Kunst an der renommierten Theater- und Kunsthochschule, der Kasachischen Nationalen Kunstakademie (Kaznai) in Almaty. Abschluss Diplom mit Auszeichnung.<\/p>\n<p>Zwischen 1979 und 1990 nahm er an zahlreichen Kunstausstellungen des K\u00fcnstlerverbandes der UdSSR teil und war auch bei privaten Initiativen vertreten. Seine Werke fanden ihren Weg in internationale und f\u00f6derale Kunstausstellungen in Moskau. In den Jahren 1983 bis 1989 arbeitete er mit anderen K\u00fcnstlern zusammen und schuf beeindruckende Fresken in \u00f6ffentlichen Geb\u00e4uden Almatys, darunter die Bibliothek der Kasachischen P\u00e4dagogischen Frauenhochschule und das Empfangsbereich des \u201eHotels Alma-Ata\u201c.<\/p>\n<p>Parallel zu seiner freien k\u00fcnstlerischen T\u00e4tigkeit unterrichtete er von 1988 bis 1989 als Kunstp\u00e4dagoge an einem Kunstinternat f\u00fcr k\u00fcnstlerisch begabte Kinder in Almaty.<\/p>\n<p>1988 wurde er f\u00fcr die Ausstellung der besten Diplomprojekte der Kunstakademien der UdSSR in Minsk ausgew\u00e4hlt, was seinen Ruf als aufstrebender K\u00fcnstler weiter festigte. Ein weiterer Meilenstein in seiner Karriere war die Teilnahme am sowjetisch-amerikanischen K\u00fcnstlersymposium \u201eSenezh89\u201c in Moskau im Jahr 1989, wo er gemeinsam mit amerikanischen K\u00fcnstlern an der Ausstellung \u201eKosmos\u201c im Zentralen K\u00fcnstlerhaus teilnahm. Im selben Jahr hatte er an einem K\u00fcnstlersymposium jungen sowjetischen K\u00fcnstler in Kokschetau-Almaty \/ Kasachstan teil genommen und wurde in den Verband Bildender K\u00fcnstler der UdSSR\u00a0 \/Junge K\u00fcnstler\/aufgenommen, speziell in die Sektion f\u00fcr monumentale Malerei.<\/p>\n<table border=\"0\" width=\"732\" cellspacing=\"0\" cellpadding=\"0\">\n<tbody>\n<tr valign=\"TOP\">\n<td width=\"156\"><\/td>\n<td width=\"576\"><\/td>\n<\/tr>\n<\/tbody>\n<\/table>\n<p>Seine erste Einzelausstellung fand 1990 im Deutschen Theater in Almaty statt. Im Jahr 1991 entschied sich Waldemar, sein Leben in Deutschland fortzusetzen, und lie\u00df sich in Krefeld nieder. Hier begann eine neue Phase seiner k\u00fcnstlerischen Laufbahn, die von zahlreichen Ausstellungen und Projekten gepr\u00e4gt war.<\/p>\n<p>Seit seinem Umzug nach Krefeld im Jahr 1991 folgten zahlreiche weitere Einzelausstellungen und kollektive Ausstellungen, sowohl in Deutschland als auch im Ausland.<\/p>\n<p>1992 stellte er im \u201eHaus der Jugend\u201c in Krefeld aus.<br \/>\nDie 1990er Jahre waren f\u00fcr Waldemar Weimann besonders produktiv. Er nahm an verschiedenen Kunstausstellungen in Krefeld teil, darunter \u201eStellung beziehen\u201c und \u201eKunst f\u00fcr Kunst\u201c. <span id=\"wpaicg-chat-message-61706\" class=\"wpaicg-chat-message\">Seine Werke wurden in der Galerie Papeler sowie im &#8218;City Centre&#8216; Duisburg ausgestellt und waren zudem in der Galerie Zeitgen\u00f6ssische Kunst in Oberhausen vertreten<\/span>. Auch in der evangelischen Erl\u00f6serkirche in Daheim und der Galerie Noak in M\u00f6nchengladbach fanden seine Bilder gro\u00dfen Anklang. Seine k\u00fcnstlerische Reise f\u00fchrte ihn auch ins Schloss Greifenhorst in Uerdingen, wo er 1994, 2006 und 2010 Einzelausstellungen hatte. In den Jahren 2009 und 2011 stellte er im Gerhart-Hauptmann-Haus in D\u00fcsseldorf aus und nahm an einer digitalen Kunstausstellung in Aachen teil.<\/p>\n<p><span id=\"wpaicg-chat-message-74299\" class=\"wpaicg-chat-message\">Waldemar Weimann k\u00fcnstlerische Laufbahn erstreckt sich \u00fcber mehrere Jahrzehnte und L\u00e4nder. Heute befinden sich seine Werke in zahlreichen \u00f6ffentlichen und privaten Kunstsammlungen in verschiedenen L\u00e4ndern und St\u00e4dten rund um den Globus.<\/span><\/p>\n<p>&nbsp;<\/p>\n<p>&nbsp;<\/p>\n<p>&nbsp;<\/p>\n<p>&nbsp;<\/p>\n<p><span id=\"wpaicg-chat-message-80850\" class=\"wpaicg-chat-message\"><span id=\"wpaicg-chat-message-68263\" class=\"wpaicg-chat-message\">Waldemar Weimann was born on June 5, 1957, in Stchuchinsk, a town in the former USSR, in Kazakhstan.<\/span>\u00a0<\/span><\/p>\n<p>From 1983 to 1988 he studied monumental art at the renowned theatre and art school, the Kazakh National Academy of Art (Kaznai) in Almaty. Graduation diploma with honors.<\/p>\n<p>Between 1979 and 1990 he participated in numerous art exhibitions of the Artists&#8216; Association of the USSR and was also represented in private initiatives. His works found their way into international and federal art exhibitions in Moscow.<\/p>\n<p>From 1983 to 1989, he worked with other artists and created impressive frescoes in Almaty&#8217;s public buildings, including the library of the Kazakh Pedagogical Women&#8217;s College and the reception area of the \u201cHotel Alma-Ata\u201d.<\/p>\n<p><span id=\"wpaicg-chat-message-31757\" class=\"wpaicg-chat-message\">Parallel to his free artistic activity, he taught as an art educator at an art boarding school for artistically gifted children in Almaty from 1988 to 1989.<\/span><\/p>\n<p>In 1988, he was selected for the exhibition of the best diploma projects of the USSR art academies in Minsk, which further strengthened his reputation as an up-and-coming artist.<\/p>\n<p>Another milestone in his career was the participation in the Soviet-American artist symposium \u201cSenezh89\u201d in Moscow in 1989, where he participated in the exhibition \u201cCosmos\u201d at the Central Artists\u2019 House together with American artists.<\/p>\n<p>In the same year he had participated in an artist symposium young Soviet artist in Kokschetau-Almaty \/ Kazakhstan and was included in the Association of Visual Artists of the USSR \/Young Artists, especially in the section for monumental painting.<\/p>\n<p>His first solo exhibition took place in 1990 at the Deutsches Theater in Almaty.<\/p>\n<p><span id=\"wpaicg-chat-message-69844\" class=\"wpaicg-chat-message\">In 1991, Waldemar decided to continue his life in Germany and settled in Krefeld. Here, a new phase of his artistic career began, marked by numerous exhibitions and projects.<\/span><\/p>\n<p>In 1992, he exhibited in the Haus der Jugend in Krefeld.<br \/>\nThe 1990s were particularly productive for Waldemar Weimann. He participated in various art exhibitions in Krefeld, including \u201cPurchasing position\u201d and \u201cArt for Art\u201d. <span id=\"wpaicg-chat-message-19770\" class=\"wpaicg-chat-message\">&#8222;His works were exhibited in the Papeler Gallery as well as in the &#8218;City Centre&#8216; Duisburg, and they were also represented in the Contemporary Art Gallery in Oberhausen. <\/span>His pictures were also very well received in the Protestant Church of the Redeemer in Daheim and the Noak Gallery in M\u00f6nchengladbach.<\/p>\n<p>His artistic journey also took him to Greifenhorst Castle in Uerdingen, where he had solo exhibitions in 1994, 2006 and 2010. In 2009 and 2011, he exhibited at the Gerhart-Hauptmann-Haus in D\u00fcsseldorf and participated in a digital art exhibition in Aachen.<\/p>\n<p><span id=\"wpaicg-chat-message-22205\" class=\"wpaicg-chat-message\">Waldemar Weimann&#8217;s artistic career spans several decades and countries. Today, his works are part of numerous public and private art collections in various countries and cities around the globe.<\/span><\/p>\n<p>&nbsp;<\/p>\n<p>&nbsp;<\/p>\n<p>&nbsp;<\/p>\n<p>&nbsp;<\/p>\n<p><strong>\u00a0<\/strong><\/p>\n<p>&nbsp;<\/p>\n<table style=\"height: 868px;\" border=\"0\" width=\"689\" cellspacing=\"0\" cellpadding=\"0\">\n<tbody>\n<tr>\n<td valign=\"top\" width=\"98\"><\/td>\n<td valign=\"top\" width=\"363\"><\/td>\n<\/tr>\n<tr>\n<td valign=\"top\" width=\"98\"><\/td>\n<td valign=\"top\" width=\"363\"><\/td>\n<\/tr>\n<tr>\n<td valign=\"top\" width=\"98\"><\/td>\n<td valign=\"top\" width=\"363\"><\/td>\n<\/tr>\n<tr>\n<td valign=\"top\" width=\"98\"><\/td>\n<td valign=\"top\" width=\"363\"><\/td>\n<\/tr>\n<tr>\n<td valign=\"top\" width=\"98\"><\/td>\n<td valign=\"top\" width=\"363\"><\/td>\n<\/tr>\n<tr>\n<td valign=\"top\" width=\"98\"><\/td>\n<td valign=\"top\" width=\"363\"><\/td>\n<\/tr>\n<tr>\n<td valign=\"top\" width=\"98\"><\/td>\n<td valign=\"top\" width=\"363\"><\/td>\n<\/tr>\n<tr>\n<td valign=\"top\" width=\"98\"><\/td>\n<td valign=\"top\" width=\"363\"><\/td>\n<\/tr>\n<tr>\n<td valign=\"top\" width=\"98\"><\/td>\n<td valign=\"top\" width=\"363\"><\/td>\n<\/tr>\n<tr>\n<td valign=\"top\" width=\"98\"><\/td>\n<td valign=\"top\" width=\"363\"><\/td>\n<\/tr>\n<tr>\n<td valign=\"top\" width=\"98\"><\/td>\n<td valign=\"top\" width=\"363\"><\/td>\n<\/tr>\n<tr>\n<td valign=\"top\" width=\"98\"><\/td>\n<td valign=\"top\" width=\"363\"><\/td>\n<\/tr>\n<tr>\n<td valign=\"top\" width=\"98\"><\/td>\n<td valign=\"top\" width=\"363\"><\/td>\n<\/tr>\n<tr>\n<td valign=\"top\" width=\"98\"><\/td>\n<td valign=\"top\" width=\"363\"><\/td>\n<\/tr>\n<tr>\n<td valign=\"top\" width=\"98\"><\/td>\n<td valign=\"top\" width=\"363\"><\/td>\n<\/tr>\n<tr>\n<td valign=\"top\" width=\"98\"><\/td>\n<td valign=\"top\" width=\"363\"><\/td>\n<\/tr>\n<tr>\n<td valign=\"top\" width=\"98\"><\/td>\n<td valign=\"top\" width=\"363\"><\/td>\n<\/tr>\n<tr>\n<td valign=\"top\" width=\"98\"><\/td>\n<td valign=\"top\" width=\"363\"><\/td>\n<\/tr>\n<\/tbody>\n<\/table>\n<p>&nbsp;<\/p>\n","protected":false},"excerpt":{"rendered":"<p>Waldemar Weimann wurde am 5. Juni 1957 in Stschutschinsk, einer Stadt in der ehemaligen UdSSR, in Kasachstan, geboren. Von 1983 bis 1988 studierte er monumentale Kunst an der renommierten Theater- und Kunsthochschule, der Kasachischen Nationalen Kunstakademie (Kaznai) in Almaty. Abschluss Diplom mit Auszeichnung. Zwischen 1979 und 1990 nahm er an zahlreichen Kunstausstellungen des K\u00fcnstlerverbandes der UdSSR teil und war auch bei privaten Initiativen vertreten. Seine Werke fanden ihren Weg in<\/p>\n<div class=\"read-more\"><a class=\"btn read-more-btn\" href=\"https:\/\/weimann-art.de\/wordpress\/biographie-3\/\">Weiterlesen<\/a><\/div>\n","protected":false},"author":3,"featured_media":0,"parent":0,"menu_order":1,"comment_status":"closed","ping_status":"closed","template":"","meta":{"footnotes":"","_links_to":"","_links_to_target":""},"yoast_head":"<!-- This site is optimized with the Yoast SEO plugin v21.9.1 - https:\/\/yoast.com\/wordpress\/plugins\/seo\/ -->\n<title>Biography\/Biographie - Waldemar Weimann - Art<\/title>\n<meta name=\"robots\" content=\"index, follow, max-snippet:-1, max-image-preview:large, max-video-preview:-1\" \/>\n<link rel=\"canonical\" href=\"https:\/\/weimann-art.de\/wordpress\/biographie-3\/\" \/>\n<meta property=\"og:locale\" content=\"de_DE\" \/>\n<meta property=\"og:type\" content=\"article\" \/>\n<meta property=\"og:title\" content=\"Biography\/Biographie - Waldemar Weimann - Art\" \/>\n<meta property=\"og:description\" content=\"Waldemar Weimann wurde am 5. Juni 1957 in Stschutschinsk, einer Stadt in der ehemaligen UdSSR, in Kasachstan, geboren. Von 1983 bis 1988 studierte er monumentale Kunst an der renommierten Theater- und Kunsthochschule, der Kasachischen Nationalen Kunstakademie (Kaznai) in Almaty. Abschluss Diplom mit Auszeichnung. Zwischen 1979 und 1990 nahm er an zahlreichen Kunstausstellungen des K\u00fcnstlerverbandes der UdSSR teil und war auch bei privaten Initiativen vertreten. Seine Werke fanden ihren Weg inWeiterlesen\" \/>\n<meta property=\"og:url\" content=\"https:\/\/weimann-art.de\/wordpress\/biographie-3\/\" \/>\n<meta property=\"og:site_name\" content=\"Waldemar Weimann - Art\" \/>\n<meta property=\"article:modified_time\" content=\"2026-01-25T12:31:26+00:00\" \/>\n<meta property=\"og:image\" content=\"https:\/\/weimann-art.de\/wordpress\/wp-content\/uploads\/2011\/07\/IMG_9992-e1736090006456-150x150.jpg\" \/>\n<meta name=\"twitter:card\" content=\"summary_large_image\" \/>\n<meta name=\"twitter:label1\" content=\"Gesch\u00e4tzte Lesezeit\" \/>\n\t<meta name=\"twitter:data1\" content=\"6\u00a0Minuten\" \/>\n<script type=\"application\/ld+json\" class=\"yoast-schema-graph\">{\"@context\":\"https:\/\/schema.org\",\"@graph\":[{\"@type\":\"WebPage\",\"@id\":\"https:\/\/weimann-art.de\/wordpress\/biographie-3\/\",\"url\":\"https:\/\/weimann-art.de\/wordpress\/biographie-3\/\",\"name\":\"Biography\/Biographie - Waldemar Weimann - Art\",\"isPartOf\":{\"@id\":\"https:\/\/weimann-art.de\/wordpress\/#website\"},\"datePublished\":\"2011-07-05T09:33:34+00:00\",\"dateModified\":\"2026-01-25T12:31:26+00:00\",\"breadcrumb\":{\"@id\":\"https:\/\/weimann-art.de\/wordpress\/biographie-3\/#breadcrumb\"},\"inLanguage\":\"de\",\"potentialAction\":[{\"@type\":\"ReadAction\",\"target\":[\"https:\/\/weimann-art.de\/wordpress\/biographie-3\/\"]}]},{\"@type\":\"BreadcrumbList\",\"@id\":\"https:\/\/weimann-art.de\/wordpress\/biographie-3\/#breadcrumb\",\"itemListElement\":[{\"@type\":\"ListItem\",\"position\":1,\"name\":\"Startseite\",\"item\":\"https:\/\/weimann-art.de\/wordpress\/\"},{\"@type\":\"ListItem\",\"position\":2,\"name\":\"Biography\/Biographie\"}]},{\"@type\":\"WebSite\",\"@id\":\"https:\/\/weimann-art.de\/wordpress\/#website\",\"url\":\"https:\/\/weimann-art.de\/wordpress\/\",\"name\":\"Waldemar Weimann - Art\",\"description\":\"\",\"potentialAction\":[{\"@type\":\"SearchAction\",\"target\":{\"@type\":\"EntryPoint\",\"urlTemplate\":\"https:\/\/weimann-art.de\/wordpress\/?s={search_term_string}\"},\"query-input\":\"required name=search_term_string\"}],\"inLanguage\":\"de\"}]}<\/script>\n<!-- \/ Yoast SEO plugin. -->","yoast_head_json":{"title":"Biography\/Biographie - Waldemar Weimann - Art","robots":{"index":"index","follow":"follow","max-snippet":"max-snippet:-1","max-image-preview":"max-image-preview:large","max-video-preview":"max-video-preview:-1"},"canonical":"https:\/\/weimann-art.de\/wordpress\/biographie-3\/","og_locale":"de_DE","og_type":"article","og_title":"Biography\/Biographie - Waldemar Weimann - Art","og_description":"Waldemar Weimann wurde am 5. Juni 1957 in Stschutschinsk, einer Stadt in der ehemaligen UdSSR, in Kasachstan, geboren. Von 1983 bis 1988 studierte er monumentale Kunst an der renommierten Theater- und Kunsthochschule, der Kasachischen Nationalen Kunstakademie (Kaznai) in Almaty. Abschluss Diplom mit Auszeichnung. Zwischen 1979 und 1990 nahm er an zahlreichen Kunstausstellungen des K\u00fcnstlerverbandes der UdSSR teil und war auch bei privaten Initiativen vertreten. Seine Werke fanden ihren Weg inWeiterlesen","og_url":"https:\/\/weimann-art.de\/wordpress\/biographie-3\/","og_site_name":"Waldemar Weimann - Art","article_modified_time":"2026-01-25T12:31:26+00:00","og_image":[{"url":"https:\/\/weimann-art.de\/wordpress\/wp-content\/uploads\/2011\/07\/IMG_9992-e1736090006456-150x150.jpg"}],"twitter_card":"summary_large_image","twitter_misc":{"Gesch\u00e4tzte Lesezeit":"6\u00a0Minuten"},"schema":{"@context":"https:\/\/schema.org","@graph":[{"@type":"WebPage","@id":"https:\/\/weimann-art.de\/wordpress\/biographie-3\/","url":"https:\/\/weimann-art.de\/wordpress\/biographie-3\/","name":"Biography\/Biographie - Waldemar Weimann - Art","isPartOf":{"@id":"https:\/\/weimann-art.de\/wordpress\/#website"},"datePublished":"2011-07-05T09:33:34+00:00","dateModified":"2026-01-25T12:31:26+00:00","breadcrumb":{"@id":"https:\/\/weimann-art.de\/wordpress\/biographie-3\/#breadcrumb"},"inLanguage":"de","potentialAction":[{"@type":"ReadAction","target":["https:\/\/weimann-art.de\/wordpress\/biographie-3\/"]}]},{"@type":"BreadcrumbList","@id":"https:\/\/weimann-art.de\/wordpress\/biographie-3\/#breadcrumb","itemListElement":[{"@type":"ListItem","position":1,"name":"Startseite","item":"https:\/\/weimann-art.de\/wordpress\/"},{"@type":"ListItem","position":2,"name":"Biography\/Biographie"}]},{"@type":"WebSite","@id":"https:\/\/weimann-art.de\/wordpress\/#website","url":"https:\/\/weimann-art.de\/wordpress\/","name":"Waldemar Weimann - Art","description":"","potentialAction":[{"@type":"SearchAction","target":{"@type":"EntryPoint","urlTemplate":"https:\/\/weimann-art.de\/wordpress\/?s={search_term_string}"},"query-input":"required name=search_term_string"}],"inLanguage":"de"}]}},"_links":{"self":[{"href":"https:\/\/weimann-art.de\/wordpress\/wp-json\/wp\/v2\/pages\/636"}],"collection":[{"href":"https:\/\/weimann-art.de\/wordpress\/wp-json\/wp\/v2\/pages"}],"about":[{"href":"https:\/\/weimann-art.de\/wordpress\/wp-json\/wp\/v2\/types\/page"}],"author":[{"embeddable":true,"href":"https:\/\/weimann-art.de\/wordpress\/wp-json\/wp\/v2\/users\/3"}],"replies":[{"embeddable":true,"href":"https:\/\/weimann-art.de\/wordpress\/wp-json\/wp\/v2\/comments?post=636"}],"version-history":[{"count":193,"href":"https:\/\/weimann-art.de\/wordpress\/wp-json\/wp\/v2\/pages\/636\/revisions"}],"predecessor-version":[{"id":2460,"href":"https:\/\/weimann-art.de\/wordpress\/wp-json\/wp\/v2\/pages\/636\/revisions\/2460"}],"wp:attachment":[{"href":"https:\/\/weimann-art.de\/wordpress\/wp-json\/wp\/v2\/media?parent=636"}],"curies":[{"name":"wp","href":"https:\/\/api.w.org\/{rel}","templated":true}]}}